{"id":6,"date":"2024-09-11T13:05:11","date_gmt":"2024-09-11T13:05:11","guid":{"rendered":"https:\/\/www.djbumsbomber.com\/?page_id=6"},"modified":"2024-09-11T13:05:11","modified_gmt":"2024-09-11T13:05:11","slug":"dj-bumsbomber","status":"publish","type":"page","link":"https:\/\/www.djbumsbomber.com\/","title":{"rendered":"DJ Bumsbomber"},"content":{"rendered":"<p>&nbsp;<\/p>\n<p><img loading=\"lazy\" decoding=\"async\" class=\"wp-image-7 aligncenter\" src=\"https:\/\/www.djbumsbomber.com\/wp-content\/uploads\/2024\/09\/IMG_4573-300x296.jpg\" alt=\"\" width=\"563\" height=\"555\" srcset=\"https:\/\/www.djbumsbomber.com\/wp-content\/uploads\/2024\/09\/IMG_4573-300x296.jpg 300w, https:\/\/www.djbumsbomber.com\/wp-content\/uploads\/2024\/09\/IMG_4573-1024x1010.jpg 1024w, https:\/\/www.djbumsbomber.com\/wp-content\/uploads\/2024\/09\/IMG_4573-768x757.jpg 768w, https:\/\/www.djbumsbomber.com\/wp-content\/uploads\/2024\/09\/IMG_4573.jpg 1148w\" sizes=\"auto, (max-width: 563px) 100vw, 563px\" \/><\/p>\n<p>&nbsp;<\/p>\n<p style=\"text-align: center;\">DJ BUMSBOMBER \u2013 Der versoffene Nerd mit den hei\u00dfesten Malle-Beats<\/p>\n<p style=\"text-align: center;\">Im Schatten der Schweizer Alpen braut sich etwas Unaufhaltsames zusammen. Er ist nicht der DJ, den du wolltest, aber definitiv der, den du brauchst: DJ BUMSBOMBER. Dieser selbsternannte \u201eversoffene Nerd\u201c mischt seit Jahren die EDM-Szene auf \u2013 und das im ganz eigenen Malle-Style. W\u00e4hrend andere DJs sich im Rampenlicht sonnen, zieht BUMSBOMBER es vor, in seinem alpinen Studio tief in die Flasche zu blicken und dabei die wildesten Remixe zu kreieren.<\/p>\n<p style=\"text-align: center;\">Von den Alpen bis nach Mallorca \u2013 ein Traum in Beats<br \/>\nDJ BUMSBOMBER hat nur ein Ziel: Die Party direkt aus den Bergen auf die Str\u00e4nde Mallorcas zu bringen. Wenn er nicht gerade mit anderen K\u00fcnstlern kollaboriert und ihnen den ultimativ dr\u00f6hnenden Soundtrack f\u00fcr ihre Partys liefert, ver\u00f6ffentlicht er seine eigenen Tracks \u2013 immer mit einer geh\u00f6rigen Portion Bass und Wahnsinn. Mit den F\u00fc\u00dfen im Schnee und dem Herzen am Ballermann schraubt er unerm\u00fcdlich an neuen EDM-Hymnen, die die Clubs genauso zum Beben bringen wie die Strandbars auf der Insel.<\/p>\n<p style=\"text-align: center;\">Der Sound, der dich umhaut \u2013 und nicht nur wegen des Alkohols<br \/>\nMit einem Mix aus heavy Drops, eing\u00e4ngigen Melodien und einem Touch von \u201ewas zur H\u00f6lle war das?\u201c, ist DJ BUMSBOMBERs Stil unverkennbar. Sein Alkoholpegel mag hoch sein, aber seine Beats sind noch h\u00f6her. Seine Remixe von bekannten K\u00fcnstlern und eigene Tracks haben es in sich: Ein wilder Ritt, der keinen Atemzug lang Pause l\u00e4sst. Hier trifft musikalisches Chaos auf echte Genialit\u00e4t \u2013 und genau das macht ihn so einzigartig.<\/p>\n<p style=\"text-align: center;\">Sporadische Auftritte, die man nicht vergisst<br \/>\nObwohl er die meiste Zeit in seinem Studio in den Alpen verbringt, gibt DJ BUMSBOMBER hier und da Shows \u2013 und jede einzelne ist ein Erlebnis, das in Erinnerung bleibt. Wer ihn live erlebt, bekommt den puren Wahnsinn auf die Ohren: fette Beats, \u00fcberraschende Drops und eine Performance, die so unberechenbar ist wie er selbst. Wann immer er auflegt, verwandelt sich der Dancefloor in eine tobende, wilde Party.<\/p>\n<p style=\"text-align: center;\">DJ BUMSBOMBER ist der perfekte Soundtrack f\u00fcr alle, die das Leben feiern \u2013 ob auf den Gipfeln der Alpen oder unter der Sonne Mallorcas. Stay tuned, denn dieser DJ wird noch lange nicht n\u00fcchtern.<\/p>\n<p style=\"text-align: center;\">Kontakt:<br \/>\nDJ BUMSBOMBER<br \/>\nE-Mail: info@djbumsbomber.com<br \/>\nWebsite: www.djbumsbomber.com<br \/>\nSocial Media: @djbumsbomber<\/p>\n","protected":false},"excerpt":{"rendered":"<p>&nbsp; &nbsp; DJ BUMSBOMBER \u2013 Der versoffene Nerd mit den hei\u00dfesten Malle-Beats Im Schatten der Schweizer Alpen braut sich etwas Unaufhaltsames zusammen. Er ist nicht der DJ, den du wolltest, aber definitiv der, den du brauchst: DJ BUMSBOMBER. Dieser selbsternannte \u201eversoffene Nerd\u201c mischt seit Jahren die EDM-Szene auf \u2013 und das im ganz eigenen Malle-Style. [&hellip;]<\/p>\n","protected":false},"author":1,"featured_media":0,"parent":0,"menu_order":0,"comment_status":"closed","ping_status":"closed","template":"","meta":{"footnotes":""},"class_list":["post-6","page","type-page","status-publish","hentry"],"_links":{"self":[{"href":"https:\/\/www.djbumsbomber.com\/index.php\/wp-json\/wp\/v2\/pages\/6","targetHints":{"allow":["GET"]}}],"collection":[{"href":"https:\/\/www.djbumsbomber.com\/index.php\/wp-json\/wp\/v2\/pages"}],"about":[{"href":"https:\/\/www.djbumsbomber.com\/index.php\/wp-json\/wp\/v2\/types\/page"}],"author":[{"embeddable":true,"href":"https:\/\/www.djbumsbomber.com\/index.php\/wp-json\/wp\/v2\/users\/1"}],"replies":[{"embeddable":true,"href":"https:\/\/www.djbumsbomber.com\/index.php\/wp-json\/wp\/v2\/comments?post=6"}],"version-history":[{"count":1,"href":"https:\/\/www.djbumsbomber.com\/index.php\/wp-json\/wp\/v2\/pages\/6\/revisions"}],"predecessor-version":[{"id":8,"href":"https:\/\/www.djbumsbomber.com\/index.php\/wp-json\/wp\/v2\/pages\/6\/revisions\/8"}],"wp:attachment":[{"href":"https:\/\/www.djbumsbomber.com\/index.php\/wp-json\/wp\/v2\/media?parent=6"}],"curies":[{"name":"wp","href":"https:\/\/api.w.org\/{rel}","templated":true}]}}